{"id":2,"date":"2022-02-24T00:22:52","date_gmt":"2022-02-24T00:22:52","guid":{"rendered":"http:\/\/www.jcontrol.hu\/?page_id=2"},"modified":"2025-02-24T18:13:57","modified_gmt":"2025-02-24T18:13:57","slug":"ez-egy-minta-oldal","status":"publish","type":"page","link":"http:\/\/www.jcontrol.hu\/?page_id=2","title":{"rendered":"R\u00f3lunk"},"content":{"rendered":"\n<p>\u00dcdv\u00f6z\u00f6lj\u00fck a Jcontrol Kft honlapj\u00e1n!<\/p>\n\n\n\n<p>A Jcontrol Kft. egy kis, csal\u00e1dias v\u00e1llalkoz\u00e1s, amely m\u00e1r 20 \u00e9ve \u00e1ll az \u00e9p\u00fcletautomatiz\u00e1l\u00e1s \u00e9s a modern technol\u00f3giai megold\u00e1sok szolg\u00e1lat\u00e1ban. C\u00e9g\u00fcnket az alap\u00edt\u00e1sa \u00f3ta a min\u0151s\u00e9g, a precizit\u00e1s \u00e9s a megb\u00edzhat\u00f3s\u00e1g jellemzi, \u00e9s az\u00f3ta is arra t\u00f6reksz\u00fcnk, hogy \u00fcgyfeleink sz\u00e1m\u00e1ra a legjobb, szem\u00e9lyre szabott megold\u00e1sokat k\u00edn\u00e1ljuk.<\/p>\n\n\n\n<p>Szolg\u00e1ltat\u00e1saink k\u00f6z\u00e9 tartozik az \u00e9p\u00fcletautomatiz\u00e1l\u00e1s teljes spektruma: a tervez\u00e9st\u0151l kezdve a kivitelez\u00e9sen \u00e1t, eg\u00e9szen a rendszerprogramoz\u00e1sig. Szak\u00e9rt\u0151 csapatunk a leg\u00fajabb DDC \u00e9s PLC alap\u00fa rendszerek telep\u00edt\u00e9s\u00e9re \u00e9s finomhangol\u00e1s\u00e1ra specializ\u00e1l\u00f3dott, hogy az \u00d6n \u00e9p\u00fclete minden szempontb\u00f3l hat\u00e9konyan \u00e9s intelligensen m\u0171k\u00f6dj\u00f6n.<\/p>\n\n\n\n<p><strong>Szolg\u00e1ltat\u00e1saink:<\/strong><\/p>\n\n\n\n<ul class=\"wp-block-list\">\n<li><strong>Tervez\u00e9s:<\/strong> Egyedi ig\u00e9nyekhez illeszked\u0151, optim\u00e1lis \u00e9p\u00fcletautomatiz\u00e1l\u00e1si rendszerek tervez\u00e9se.<\/li>\n\n\n\n<li><strong>Kivitelez\u00e9s:<\/strong> A megtervezett rendszerek prec\u00edz \u00e9s szakszer\u0171 kivitelez\u00e9se.<\/li>\n\n\n\n<li><strong>Programoz\u00e1s:<\/strong> DDC \u00e9s PLC alap\u00fa rendszerek programoz\u00e1sa a t\u00f6k\u00e9letes m\u0171k\u00f6d\u00e9s biztos\u00edt\u00e1sa \u00e9rdek\u00e9ben.<\/li>\n\n\n\n<li><strong>Szolg\u00e1ltat\u00e1s:<\/strong> Karbantart\u00e1s \u00e9s szaktan\u00e1csad\u00e1s a rendszerek hossz\u00fa t\u00e1v\u00fa, megb\u00edzhat\u00f3 m\u0171k\u00f6d\u00e9se \u00e9rdek\u00e9ben.<\/li>\n<\/ul>\n\n\n\n<p>A Jcontrol Kft. filoz\u00f3fi\u00e1ja az, hogy \u00fcgyfeleink el\u00e9gedetts\u00e9ge az els\u0151. C\u00e9lunk, hogy minden projektet a legnagyobb odafigyel\u00e9ssel \u00e9s szak\u00e9rtelemmel val\u00f3s\u00edtsunk meg, mik\u00f6zben k\u00f6rnyezettudatos, energiatakar\u00e9kos megold\u00e1sokat k\u00edn\u00e1lunk.<\/p>\n\n\n\n<p>B\u00fcszk\u00e9k vagyunk arra, hogy 20 \u00e9ves m\u0171k\u00f6d\u00e9s\u00fcnk sor\u00e1n sz\u00e1mos sikeres projektet val\u00f3s\u00edtottunk meg, \u00e9s hossz\u00fa t\u00e1v\u00fa, bizalomra \u00e9p\u00fcl\u0151 kapcsolatokat alak\u00edtottunk ki \u00fcgyfeleinkkel.<\/p>\n\n\n\n<p>Ha \u00d6n is a legmodernebb technol\u00f3giai megold\u00e1sokat szeretn\u00e9 alkalmazni, keressen minket bizalommal! Sz\u00edvesen seg\u00edt\u00fcnk \u00d6nnek a legjobb \u00e9p\u00fcletautomatiz\u00e1l\u00e1si rendszerek megtervez\u00e9s\u00e9ben \u00e9s kivitelez\u00e9s\u00e9ben.<\/p>\n\n\n\n<p><\/p>\n","protected":false},"excerpt":{"rendered":"<p>\u00dcdv\u00f6z\u00f6lj\u00fck a Jcontrol Kft honlapj\u00e1n! A Jcontrol Kft. egy kis, csal\u00e1dias v\u00e1llalkoz\u00e1s, amely m\u00e1r 20 \u00e9ve \u00e1ll az \u00e9p\u00fcletautomatiz\u00e1l\u00e1s \u00e9s a modern technol\u00f3giai megold\u00e1sok szolg\u00e1lat\u00e1ban. C\u00e9g\u00fcnket az alap\u00edt\u00e1sa \u00f3ta a min\u0151s\u00e9g, a precizit\u00e1s \u00e9s a megb\u00edzhat\u00f3s\u00e1g jellemzi, \u00e9s az\u00f3ta is arra t\u00f6reksz\u00fcnk, hogy \u00fcgyfeleink sz\u00e1m\u00e1ra a legjobb, szem\u00e9lyre szabott megold\u00e1sokat k\u00edn\u00e1ljuk. Szolg\u00e1ltat\u00e1saink k\u00f6z\u00e9 tartozik az [&hellip;]<\/p>\n","protected":false},"author":1,"featured_media":0,"parent":0,"menu_order":0,"comment_status":"closed","ping_status":"open","template":"","meta":{"footnotes":""},"class_list":["post-2","page","type-page","status-publish","hentry"],"_links":{"self":[{"href":"http:\/\/www.jcontrol.hu\/index.php?rest_route=\/wp\/v2\/pages\/2","targetHints":{"allow":["GET"]}}],"collection":[{"href":"http:\/\/www.jcontrol.hu\/index.php?rest_route=\/wp\/v2\/pages"}],"about":[{"href":"http:\/\/www.jcontrol.hu\/index.php?rest_route=\/wp\/v2\/types\/page"}],"author":[{"embeddable":true,"href":"http:\/\/www.jcontrol.hu\/index.php?rest_route=\/wp\/v2\/users\/1"}],"replies":[{"embeddable":true,"href":"http:\/\/www.jcontrol.hu\/index.php?rest_route=%2Fwp%2Fv2%2Fcomments&post=2"}],"version-history":[{"count":2,"href":"http:\/\/www.jcontrol.hu\/index.php?rest_route=\/wp\/v2\/pages\/2\/revisions"}],"predecessor-version":[{"id":17,"href":"http:\/\/www.jcontrol.hu\/index.php?rest_route=\/wp\/v2\/pages\/2\/revisions\/17"}],"wp:attachment":[{"href":"http:\/\/www.jcontrol.hu\/index.php?rest_route=%2Fwp%2Fv2%2Fmedia&parent=2"}],"curies":[{"name":"wp","href":"https:\/\/api.w.org\/{rel}","templated":true}]}}